{"id":8,"date":"2019-01-28T11:41:38","date_gmt":"2019-01-28T11:41:38","guid":{"rendered":"http:\/\/santanderino.com\/?page_id=8"},"modified":"2019-02-01T12:42:37","modified_gmt":"2019-02-01T12:42:37","slug":"nuestra-trayectoria","status":"publish","type":"page","link":"https:\/\/santanderino.com\/en\/nuestra-trayectoria\/","title":{"rendered":"Nuestra Trayectoria"},"content":{"rendered":"<div class=\"pixfields_box\" >\n\t<ul class=\"pixfields_list\">\n\t\t\t<li class=\"pixfield\">\n\t\t\t<strong>realizadas<\/strong> : \t\t<\/li>\n\t\t\t<li class=\"pixfield\">\n\t\t\t<strong>proximamente<\/strong> : \t\t<\/li>\n\t\t<\/ul>\n<\/div>\n<p>[vc_row css_animation=&#8221;element_from_right&#8221; row_type=&#8221;row&#8221; use_row_as_full_screen_section=&#8221;no&#8221; type=&#8221;full_width&#8221; angled_section=&#8221;no&#8221; text_align=&#8221;left&#8221; background_image_as_pattern=&#8221;without_pattern&#8221; background_color=&#8221;#ffffff&#8221; z_index=&#8221;&#8221;][vc_column css_animation=&#8221;fadeInLeft&#8221; width=&#8221;1\/3&#8243; css=&#8221;.vc_custom_1549024956112{margin-top: 10% !important;margin-left: 15% !important;}&#8221;][vc_column_text]<\/p>\n<h1>Quienes Somos<\/h1>\n<p>[\/vc_column_text][vc_separator type=&#8221;small&#8221; position=&#8221;left&#8221; color=&#8221;#ca965a&#8221; up=&#8221;3px&#8221; down=&#8221;3px&#8221;][\/vc_column][vc_column css_animation=&#8221;fadeInUp&#8221; width=&#8221;1\/3&#8243; css=&#8221;.vc_custom_1548754694671{margin-top: 10% !important;}&#8221;][vc_column_text css=&#8221;.vc_custom_1548758344196{padding-right: 4% !important;padding-bottom: 4% !important;padding-left: 4% !important;}&#8221;]El <strong>Grupo Santanderino<\/strong> se dedica fundamentalmente a la construcci\u00f3n, promoci\u00f3n y la gesti\u00f3n inmobiliaria. <strong>Con sede en Torremolinos<\/strong>, su presencia se extiende por la Costa del Sol, habiendo obtenido una dilatada reputaci\u00f3n sectorial\u00a0basada en la calidad y exclusividad de las viviendas que ha construido y promovido.[\/vc_column_text][\/vc_column][vc_column width=&#8221;1\/3&#8243; css=&#8221;.vc_custom_1548754042499{background-image: url(http:\/\/santanderino.com\/wp-content\/uploads\/2019\/01\/costa-del-sol2.jpg?id=53) !important;background-position: center !important;background-repeat: no-repeat !important;background-size: cover !important;}&#8221;][vc_empty_space height=&#8221;300px&#8221;][\/vc_column][\/vc_row][vc_row row_type=&#8221;parallax&#8221; parallax_content_width=&#8221;in_grid&#8221; text_align=&#8221;left&#8221; background_image=&#8221;64&#8243; full_screen_section_height=&#8221;no&#8221;][vc_column][vc_row_inner row_type=&#8221;row&#8221; type=&#8221;full_width&#8221; text_align=&#8221;left&#8221; background_color=&#8221;rgba(10,10,10,0.6)&#8221; css_animation=&#8221;element_from_left&#8221;][vc_column_inner width=&#8221;1\/6&#8243;][\/vc_column_inner][vc_column_inner width=&#8221;2\/3&#8243;][vc_single_image image=&#8221;80&#8243; img_size=&#8221;full&#8221; qode_css_animation=&#8221;&#8221;][\/vc_column_inner][vc_column_inner width=&#8221;1\/6&#8243;][\/vc_column_inner][\/vc_row_inner][vc_row_inner row_type=&#8221;row&#8221; type=&#8221;grid&#8221; text_align=&#8221;left&#8221; background_color=&#8221;rgba(10,10,10,0.6)&#8221; css_animation=&#8221;element_from_right&#8221;][vc_column_inner width=&#8221;1\/6&#8243;][\/vc_column_inner][vc_column_inner width=&#8221;2\/3&#8243; css=&#8221;.vc_custom_1548757050876{background-color: rgba(255,255,255,0.6) !important;*background-color: rgb(255,255,255) !important;}&#8221;][vc_column_text css=&#8221;.vc_custom_1549023252642{padding-top: 4% !important;padding-right: 6% !important;padding-bottom: 4% !important;padding-left: 6% !important;}&#8221;]<strong>El Grupo Santanderino<\/strong> es una empresa familiar promotora inmobiliaria que comenz\u00f3 su andadura empresarial en el \u00e1mbito de la Costa del Sol en el a\u00f1o 1979.\u00a0La empresa familiar con ra\u00edces en Cantabria y fundada por <strong>D. Jos\u00e9 Luis G\u00f3mez P\u00e9rez<\/strong> (tambi\u00e9n conocido por el \u2018Santanderino\u2019), se traslad\u00f3 a mediados del siglo pasado a la localidad de Torremolinos, donde comenz\u00f3 su andadura profesional.<\/p>\n<p>Desde el comienzo de su actividad, la empresa se ha concentrado en una dedicaci\u00f3n completa a toda la cadena de valor asociada a la promoci\u00f3n residencial. Las promociones y actuaciones desarrolladas hasta la fecha, as\u00ed como las previstas para el futuro, tienen su localizaci\u00f3n en una zona muy concreta y localizada, centrada en la <strong>Costa del Sol<\/strong>.[\/vc_column_text][vc_column_text css=&#8221;.vc_custom_1549023375174{padding-right: 6% !important;padding-bottom: 6% !important;padding-left: 6% !important;}&#8221;]El eje M\u00e1laga &#8211; Torremolinos ha representado el centro de actividad de la empresa desde sus comienzos, con un marcado componente local en la zona.Consecuencia de todo lo anterior, el grupo de empresas posee una consolidaci\u00f3n e imagen en su zona ampliamente contrastada, lo que ofrece una garant\u00eda adicional de \u00e9xito para cualquier promoci\u00f3n futura.[\/vc_column_text][\/vc_column_inner][vc_column_inner width=&#8221;1\/6&#8243;][\/vc_column_inner][\/vc_row_inner][\/vc_column][\/vc_row][vc_row css_animation=&#8221;&#8221; row_type=&#8221;row&#8221; use_row_as_full_screen_section=&#8221;no&#8221; type=&#8221;full_width&#8221; angled_section=&#8221;no&#8221; text_align=&#8221;left&#8221; background_image_as_pattern=&#8221;without_pattern&#8221; background_color=&#8221;#ffffff&#8221; z_index=&#8221;&#8221;][vc_column css_animation=&#8221;none&#8221;][vc_row_inner row_type=&#8221;row&#8221; type=&#8221;grid&#8221; text_align=&#8221;center&#8221; css_animation=&#8221;element_from_left&#8221;][vc_column_inner][vc_column_text css=&#8221;.vc_custom_1548758066859{padding-top: 8% !important;padding-bottom: 8% !important;}&#8221;]<\/p>\n<h2 style=\"text-align: center;\">A continuaci\u00f3nse muestra la evoluci\u00f3n promotora del Grupo, con algunas de las construcciones realizadas:<\/h2>\n<p>[\/vc_column_text][\/vc_column_inner][\/vc_row_inner][vc_row_inner row_type=&#8221;row&#8221; type=&#8221;grid&#8221; text_align=&#8221;center&#8221; css_animation=&#8221;element_from_right&#8221; css=&#8221;.vc_custom_1548758105941{margin-bottom: 6% !important;}&#8221;][vc_column_inner][vc_single_image image=&#8221;87&#8243; img_size=&#8221;full&#8221; alignment=&#8221;center&#8221; qode_css_animation=&#8221;&#8221;][\/vc_column_inner][\/vc_row_inner][\/vc_column][\/vc_row]<\/p>\n","protected":false},"excerpt":{"rendered":"<p>realizadas : proximamente : [vc_row css_animation=&#8221;element_from_right&#8221; row_type=&#8221;row&#8221; use_row_as_full_screen_section=&#8221;no&#8221; type=&#8221;full_width&#8221; angled_section=&#8221;no&#8221; text_align=&#8221;left&#8221; background_image_as_pattern=&#8221;without_pattern&#8221; background_color=&#8221;#ffffff&#8221; z_index=&#8221;&#8221;][vc_column css_animation=&#8221;fadeInLeft&#8221; width=&#8221;1\/3&#8243; css=&#8221;.vc_custom_1549024956112{margin-top: 10% !important;margin-left: 15%<\/p>\n","protected":false},"author":1,"featured_media":0,"parent":0,"menu_order":0,"comment_status":"closed","ping_status":"closed","template":"full_width.php","meta":[],"yoast_head":"<!-- This site is optimized with the Yoast SEO plugin v19.5.1 - https:\/\/yoast.com\/wordpress\/plugins\/seo\/ -->\n<title>Nuestra Trayectoria - santanderino<\/title>\n<meta name=\"robots\" content=\"index, follow, max-snippet:-1, max-image-preview:large, max-video-preview:-1\" \/>\n<link rel=\"canonical\" href=\"https:\/\/santanderino.com\/nuestra-trayectoria\/\" \/>\n<meta property=\"og:locale\" content=\"en_US\" \/>\n<meta property=\"og:type\" content=\"article\" \/>\n<meta property=\"og:title\" content=\"Nuestra Trayectoria - santanderino\" \/>\n<meta property=\"og:description\" content=\"realizadas : proximamente : [vc_row css_animation=&#8221;element_from_right&#8221; row_type=&#8221;row&#8221; use_row_as_full_screen_section=&#8221;no&#8221; type=&#8221;full_width&#8221; angled_section=&#8221;no&#8221; text_align=&#8221;left&#8221; background_image_as_pattern=&#8221;without_pattern&#8221; background_color=&#8221;#ffffff&#8221; z_index=&#8221;&#8221;][vc_column css_animation=&#8221;fadeInLeft&#8221; width=&#8221;1\/3&#8243; css=&#8221;.vc_custom_1549024956112{margin-top: 10% !important;margin-left: 15%\" \/>\n<meta property=\"og:url\" content=\"https:\/\/santanderino.com\/nuestra-trayectoria\/\" \/>\n<meta property=\"og:site_name\" content=\"santanderino\" \/>\n<meta property=\"article:modified_time\" content=\"2019-02-01T12:42:37+00:00\" \/>\n<meta name=\"twitter:card\" content=\"summary_large_image\" \/>\n<meta name=\"twitter:label1\" content=\"Est. reading time\" \/>\n\t<meta name=\"twitter:data1\" content=\"3 minutes\" \/>\n<script type=\"application\/ld+json\" class=\"yoast-schema-graph\">{\"@context\":\"https:\/\/schema.org\",\"@graph\":[{\"@type\":\"WebPage\",\"@id\":\"https:\/\/santanderino.com\/nuestra-trayectoria\/\",\"url\":\"https:\/\/santanderino.com\/nuestra-trayectoria\/\",\"name\":\"Nuestra Trayectoria - santanderino\",\"isPartOf\":{\"@id\":\"https:\/\/santanderino.com\/#website\"},\"datePublished\":\"2019-01-28T11:41:38+00:00\",\"dateModified\":\"2019-02-01T12:42:37+00:00\",\"breadcrumb\":{\"@id\":\"https:\/\/santanderino.com\/nuestra-trayectoria\/#breadcrumb\"},\"inLanguage\":\"en-US\",\"potentialAction\":[{\"@type\":\"ReadAction\",\"target\":[\"https:\/\/santanderino.com\/nuestra-trayectoria\/\"]}]},{\"@type\":\"BreadcrumbList\",\"@id\":\"https:\/\/santanderino.com\/nuestra-trayectoria\/#breadcrumb\",\"itemListElement\":[{\"@type\":\"ListItem\",\"position\":1,\"name\":\"Portada\",\"item\":\"https:\/\/santanderino.com\/\"},{\"@type\":\"ListItem\",\"position\":2,\"name\":\"Nuestra Trayectoria\"}]},{\"@type\":\"WebSite\",\"@id\":\"https:\/\/santanderino.com\/#website\",\"url\":\"https:\/\/santanderino.com\/\",\"name\":\"santanderino\",\"description\":\"Creando Exclusividad y Bienestar\",\"potentialAction\":[{\"@type\":\"SearchAction\",\"target\":{\"@type\":\"EntryPoint\",\"urlTemplate\":\"https:\/\/santanderino.com\/?s={search_term_string}\"},\"query-input\":\"required name=search_term_string\"}],\"inLanguage\":\"en-US\"}]}<\/script>\n<!-- \/ Yoast SEO plugin. -->","yoast_head_json":{"title":"Nuestra Trayectoria - santanderino","robots":{"index":"index","follow":"follow","max-snippet":"max-snippet:-1","max-image-preview":"max-image-preview:large","max-video-preview":"max-video-preview:-1"},"canonical":"https:\/\/santanderino.com\/nuestra-trayectoria\/","og_locale":"en_US","og_type":"article","og_title":"Nuestra Trayectoria - santanderino","og_description":"realizadas : proximamente : [vc_row css_animation=&#8221;element_from_right&#8221; row_type=&#8221;row&#8221; use_row_as_full_screen_section=&#8221;no&#8221; type=&#8221;full_width&#8221; angled_section=&#8221;no&#8221; text_align=&#8221;left&#8221; background_image_as_pattern=&#8221;without_pattern&#8221; background_color=&#8221;#ffffff&#8221; z_index=&#8221;&#8221;][vc_column css_animation=&#8221;fadeInLeft&#8221; width=&#8221;1\/3&#8243; css=&#8221;.vc_custom_1549024956112{margin-top: 10% !important;margin-left: 15%","og_url":"https:\/\/santanderino.com\/nuestra-trayectoria\/","og_site_name":"santanderino","article_modified_time":"2019-02-01T12:42:37+00:00","twitter_card":"summary_large_image","twitter_misc":{"Est. reading time":"3 minutes"},"schema":{"@context":"https:\/\/schema.org","@graph":[{"@type":"WebPage","@id":"https:\/\/santanderino.com\/nuestra-trayectoria\/","url":"https:\/\/santanderino.com\/nuestra-trayectoria\/","name":"Nuestra Trayectoria - santanderino","isPartOf":{"@id":"https:\/\/santanderino.com\/#website"},"datePublished":"2019-01-28T11:41:38+00:00","dateModified":"2019-02-01T12:42:37+00:00","breadcrumb":{"@id":"https:\/\/santanderino.com\/nuestra-trayectoria\/#breadcrumb"},"inLanguage":"en-US","potentialAction":[{"@type":"ReadAction","target":["https:\/\/santanderino.com\/nuestra-trayectoria\/"]}]},{"@type":"BreadcrumbList","@id":"https:\/\/santanderino.com\/nuestra-trayectoria\/#breadcrumb","itemListElement":[{"@type":"ListItem","position":1,"name":"Portada","item":"https:\/\/santanderino.com\/"},{"@type":"ListItem","position":2,"name":"Nuestra Trayectoria"}]},{"@type":"WebSite","@id":"https:\/\/santanderino.com\/#website","url":"https:\/\/santanderino.com\/","name":"santanderino","description":"Creando Exclusividad y Bienestar","potentialAction":[{"@type":"SearchAction","target":{"@type":"EntryPoint","urlTemplate":"https:\/\/santanderino.com\/?s={search_term_string}"},"query-input":"required name=search_term_string"}],"inLanguage":"en-US"}]}},"_links":{"self":[{"href":"https:\/\/santanderino.com\/en\/wp-json\/wp\/v2\/pages\/8"}],"collection":[{"href":"https:\/\/santanderino.com\/en\/wp-json\/wp\/v2\/pages"}],"about":[{"href":"https:\/\/santanderino.com\/en\/wp-json\/wp\/v2\/types\/page"}],"author":[{"embeddable":true,"href":"https:\/\/santanderino.com\/en\/wp-json\/wp\/v2\/users\/1"}],"replies":[{"embeddable":true,"href":"https:\/\/santanderino.com\/en\/wp-json\/wp\/v2\/comments?post=8"}],"version-history":[{"count":49,"href":"https:\/\/santanderino.com\/en\/wp-json\/wp\/v2\/pages\/8\/revisions"}],"predecessor-version":[{"id":294,"href":"https:\/\/santanderino.com\/en\/wp-json\/wp\/v2\/pages\/8\/revisions\/294"}],"wp:attachment":[{"href":"https:\/\/santanderino.com\/en\/wp-json\/wp\/v2\/media?parent=8"}],"curies":[{"name":"wp","href":"https:\/\/api.w.org\/{rel}","templated":true}]}}